{"id":8314,"date":"2023-09-15T14:56:13","date_gmt":"2023-09-15T14:56:13","guid":{"rendered":"https:\/\/unitedspaces.noordev.se\/om-oss"},"modified":"2023-11-23T09:11:55","modified_gmt":"2023-11-23T09:11:55","slug":"about-us","status":"publish","type":"page","link":"https:\/\/unitedspaces.noordev.se\/en\/about-us","title":{"rendered":"About us"},"content":{"rendered":"\n<section class=\"wp-block-noor-blocks-section nb-section mt-144 mb-96 mt-md-176 mb-md-96 mt-lg-256 mb-lg-144\">\n<div class=\"wp-block-noor-blocks-container nb-container container-fluid\">\n<div class=\"wp-block-noor-blocks-row nb-row row\">\n<div class=\"wp-block-noor-blocks-column col nb-column col-12 col-lg-6\">\n<h1 class=\"wp-block-noor-blocks-heading nb-heading nb-heading-h1 mb-32 mb-lg-0  content-animation\">About us<\/h1>\n<\/div>\n\n\n\n<div class=\"wp-block-noor-blocks-column col nb-column col-12 col-lg-4\">\n<p class=\"wp-block-noor-blocks-paragraph nb-paragraph mb-lg-32\">So, why did we start United Spaces in the first place? Stylish spaces and espresso machines? Sure, we have them, but that\u2019s never been what we\u2019re about. We set out to create inspiring spaces where unexpected meetings happen. That\u2019s how we help people and companies to grow. But don\u2019t take our word for it, simply try it for yourself.<\/p>\n\n\n\n<div class=\"wp-block-noor-blocks-group nb-group nb-group-div d-flex flex-column align-items-start justify-content-start mb-32 mb-md-0\">\n<a class=\"wp-block-noor-blocks-link nb-link\" href=\"mailto:info@unitedspaces.se\">\n<p class=\"wp-block-noor-blocks-paragraph nb-paragraph m-0  text-off-black kicker\">info@unitedspaces.se<\/p>\n<\/a>\n\n\n\n<a class=\"wp-block-noor-blocks-link nb-link\" href=\"tel:0102007737\">\n<p class=\"wp-block-noor-blocks-paragraph nb-paragraph m-0  text-off-black kicker\">+46 (0)10-200 77 37<\/p>\n<\/a>\n<\/div>\n<\/div>\n<\/div>\n<\/div>\n<\/section>\n\n\n\n<div class=\"wp-block-noor-blocks-group nb-group nb-group-div  zoom-effect\">\n<picture class=\"wp-block-noor-blocks-image nb-image us-city-banner-image\"><img decoding=\"async\" src=\"https:\/\/unitedspaces.noordev.se\/wp-content\/uploads\/2023\/10\/omoss_wide.jpg\" class=\"object-fit-cover object-position-center\"\/><\/picture>\n<\/div>\n\n\n\n<section class=\"wp-block-noor-blocks-section nb-section my-96 mb-md-144  zoom-effect\">\n<div class=\"wp-block-noor-blocks-container nb-container container-fluid\">\n<div class=\"wp-block-noor-blocks-two-column-content nb-two-column-content row row-cols-1 row-cols-lg-2 big-column-content\">\n<div class=\"wp-block-noor-blocks-column-content nb-column-content col d-flex flex-column col-12 col-sm-12 col-md-6 col-lg-6 col-xl-6 justify-content-center align-items-start offset-0 offset-sm-0 offset-md-0 offset-lg-0 offset-xl-0\">\n<div class=\"wp-block-noor-blocks-row nb-row row\">\n<div class=\"wp-block-noor-blocks-column col nb-column  col-md-10 col-lg-8 offset-md-1 offset-lg-2\">\n<div class=\"wp-block-noor-blocks-group nb-group nb-group-div d-flex flex-column align-items-start justify-content-center mb-48 mb-md-0\">\n<h2 class=\"wp-block-noor-blocks-heading nb-heading nb-heading-h2 mb-32  content-animation\">Actually great workspaces? We\u2019ve been developing ours for two decades<\/h2>\n\n\n\n<p class=\"wp-block-noor-blocks-paragraph nb-paragraph mb-16\">There has to be a more inspiring way to work. That\u2019s what we thought almost 25 years ago when we founded United Spaces, making it the first coworking space in the world (yes, it\u2019s true!). Since 1999, we\u2019ve tried every conceivable idea when it comes to workspaces. So, it\u2019s no coincidence that we know what works. What makes inspiration flow, what lifts productivity and what actually gives you a sense of well-being.<\/p>\n\n\n\n<p class=\"wp-block-noor-blocks-paragraph nb-paragraph\">Having said that, we\u2019re still far from done. If there\u2019s one thing we love, it\u2019s development. Join us on our ride to create a magical place to work.<\/p>\n<\/div>\n<\/div>\n<\/div>\n<\/div>\n\n\n\n<div class=\"wp-block-noor-blocks-column-content nb-column-content col d-flex flex-column col-12 col-sm-12 col-md-6 col-lg-6 col-xl-6 pe-0 ps-12 p-md-0\">\n<picture class=\"wp-block-noor-blocks-image nb-image border-radius-bottom-left-16  border-radius-top-left-16\"><img decoding=\"async\" src=\"https:\/\/unitedspaces.noordev.se\/wp-content\/uploads\/2023\/10\/start1.jpg\" class=\"object-fit-cover object-position-bottom\"\/><\/picture>\n<\/div>\n<\/div>\n<\/div>\n<\/section>\n\n\n\n<section class=\"wp-block-noor-blocks-section nb-section\">\n<div class=\"wp-block-noor-blocks-container nb-container container-fluid\">\n<div class=\"wp-block-noor-blocks-row nb-row row\">\n<div class=\"wp-block-noor-blocks-column col nb-column col-lg-5\">\n<h2 class=\"wp-block-noor-blocks-heading nb-heading nb-heading-h2 mb-24  content-animation\">25 years of United Spaces<\/h2>\n\n\n\n<p class=\"wp-block-noor-blocks-paragraph nb-paragraph m-0\">For over two decades, United Spaces has been a hub for innovation, learning and networking. Since the start back in 1999, the core idea has remained the same: to create a meeting place where interesting people do business and grow together.<\/p>\n<\/div>\n<\/div>\n<\/div>\n<\/section>\n\n\n\n<section class=\"wp-block-noor-blocks-section nb-section  pt-64 pb-32 pt-md-80 pt-lg-32\">\n<div class=\"wp-block-noor-blocks-container nb-container container-fluid\">\n<hr class=\"wp-block-separator has-text-color has-grey-color has-alpha-channel-opacity has-grey-background-color has-background m-0 is-style-wide\"\/>\n<\/div>\n<\/section>\n\n\n\n<section class=\"wp-block-noor-blocks-section nb-section position-relative\">\n<div class=\"wp-block-noor-blocks-container nb-container container-fluid p-0\">\n<div class=\"wp-block-unitedspaces-blocks-timeline swiper timeline-wrapper\"><div class=\"swiper-wrapper\">\n<div class=\"wp-block-unitedspaces-blocks-timeline-item swiper-slide timeline-item bg-light-red  bg-ovarlay\"><div class=\"timeline-item-wrapper zoom-effect\"><figure class=\"mb-0\"><figcaption class=\"timeline-item-content\"><h3 class=\"mb-8 text-text-red\">1999<\/h3><p class=\"mb-0 text-text-red\">G\u00f6ran Garberg and Lars Ryd\u00e9n come up with the idea for United Spaces. Our first coworking space opens on Kungsholmen in Stockholm.<\/p><\/figcaption><\/figure><\/div><\/div>\n\n\n\n<div class=\"wp-block-unitedspaces-blocks-timeline-item swiper-slide timeline-item bg-light-red\"><div class=\"timeline-item-wrapper zoom-effect\"><figure class=\"mb-0\"><figcaption class=\"timeline-item-content\"><h3 class=\"mb-8 text-text-red\">2001<\/h3><p class=\"mb-0 text-text-red\">We open our second space. This time in the Norrebro district in central Copenhagen.<\/p><\/figcaption><\/figure><\/div><\/div>\n\n\n\n<div class=\"wp-block-unitedspaces-blocks-timeline-item swiper-slide timeline-item bg-light-red\"><div class=\"timeline-item-wrapper zoom-effect\"><figure class=\"mb-0\"><figcaption class=\"timeline-item-content\"><h3 class=\"mb-8 text-text-red\">2002<\/h3><p class=\"mb-0 text-text-red\">The Stockholm office on Kungsholmen becomes popular \u2013 and too crowded! So, we move across the water to S\u00f6der M\u00e4larstrand, to new premises in Munchenbryggeriet.<\/p><\/figcaption><\/figure><\/div><\/div>\n\n\n\n<div class=\"wp-block-unitedspaces-blocks-timeline-item swiper-slide timeline-item bg-light-red\"><div class=\"timeline-item-wrapper zoom-effect\"><figure class=\"mb-0\"><figcaption class=\"timeline-item-content\"><h3 class=\"mb-8 text-text-red\">2005<\/h3><p class=\"mb-0 text-text-red\">An exciting opportunity arises to secure an entire floor at Vasagatan 11 in the heart of Stockholm. We take the leap, marking our departure from the southern part of the city \u2013 for now.<\/p><\/figcaption><\/figure><\/div><\/div>\n\n\n\n<div class=\"wp-block-unitedspaces-blocks-timeline-item swiper-slide timeline-item bg-light-red  bg-ovarlay\"><div class=\"timeline-item-wrapper zoom-effect\"><figure class=\"mb-0\"><figcaption class=\"timeline-item-content\"><h3 class=\"mb-8 text-text-red\">2011<\/h3><p class=\"mb-0 text-text-red\">After six wonderful years at Vasagatan, it\u2019s time for our next chapter: the newly constructed Waterfront Building near Central Station in Stockholm. Here, we develop an entire floor spanning approximately 23,600 square feet.<\/p><\/figcaption><\/figure><\/div><\/div>\n\n\n\n<div class=\"wp-block-unitedspaces-blocks-timeline-item swiper-slide timeline-item bg-light-red\"><div class=\"timeline-item-wrapper zoom-effect\"><figure class=\"mb-0\"><figcaption class=\"timeline-item-content\"><h3 class=\"mb-8 text-text-red\">2017<\/h3><p class=\"mb-0 text-text-red\">United Spaces expands to Gothenburg and Malm\u00f6 \u2013 not a moment too soon! With these new openings, we take further steps toward becoming the leading coworking provider in the Nordics. Exciting times ahead!<\/p><\/figcaption><\/figure><\/div><\/div>\n\n\n\n<div class=\"wp-block-unitedspaces-blocks-timeline-item swiper-slide timeline-item bg-light-red\"><div class=\"timeline-item-wrapper zoom-effect\"><figure class=\"mb-0\"><figcaption class=\"timeline-item-content\"><h3 class=\"mb-8 text-text-red\">2019<\/h3><p class=\"mb-0 text-text-red\">United Spaces becomes a subsidiary of the real estate company Castellum. Why? To strengthen our position as pioneers \u2013 and secure access to the best locations.<\/p><\/figcaption><\/figure><\/div><\/div>\n\n\n\n<div class=\"wp-block-unitedspaces-blocks-timeline-item swiper-slide timeline-item bg-light-red\"><div class=\"timeline-item-wrapper zoom-effect\"><figure class=\"mb-0\"><figcaption class=\"timeline-item-content\"><h3 class=\"mb-8 text-text-red\">2021<\/h3><p class=\"mb-0 text-text-red\">We\u2019re expanding rapidly, opening six new locations this year! We acquire fantastic spaces in R\u00e5dhuset in Uppsala and at Torsgatan in Stockholm. In G\u00f6teborg, \u00d6stra Hamngatan is expanding \u2013 and we\u2019re launching United Spaces Lindholmen on Hisingen.<\/p><\/figcaption><\/figure><\/div><\/div>\n\n\n\n<div class=\"wp-block-unitedspaces-blocks-timeline-item swiper-slide timeline-item bg-light-red\"><div class=\"timeline-item-wrapper zoom-effect\"><figure class=\"mb-0\"><figcaption class=\"timeline-item-content\"><h3 class=\"mb-8 text-text-red\">2022<\/h3><p class=\"mb-0 text-text-red\">Our eleventh spot is now up and running in the greenest part of Helsingborg, Oceanhamnen \u2013 a few steps from the city center and even closer to the sea. <\/p><\/figcaption><\/figure><\/div><\/div>\n\n\n\n<div class=\"wp-block-unitedspaces-blocks-timeline-item swiper-slide timeline-item bg-light-red\"><div class=\"timeline-item-wrapper zoom-effect\"><figure class=\"mb-0\"><figcaption class=\"timeline-item-content\"><h3 class=\"mb-8 text-text-red\">2023<\/h3><p class=\"mb-0 text-text-red\">We\u2019re opening up right in the heart of J\u00f6nk\u00f6ping. More specifically, in the modern office building known as Werket. We look forward to a great time in this vibrant city!<\/p><\/figcaption><\/figure><\/div><\/div>\n<\/div><\/div><div class=\"swiper-button swiper-button-next swiper-button-next-timeline\"><\/div><div class=\"swiper-button swiper-button-prev swiper-button-prev-timeline\"><\/div>\n<\/div>\n<\/section>\n\n\n\n<section class=\"wp-block-noor-blocks-section nb-section  pt-96 pb-80 pt-md-160 pb-md-144 py-lg-128\">\n<div class=\"wp-block-noor-blocks-container nb-container container-fluid\">\n<div class=\"wp-block-noor-blocks-row nb-row row zoom-effect\">\n<div class=\"wp-block-noor-blocks-column col nb-column col-12 col-md-6 col-lg-5 offset-lg-1\">\n<picture class=\"wp-block-noor-blocks-image nb-image mb-32 mb-md-0 pic-quote\" style=\"border-radius:16px\"><img decoding=\"async\" src=\"https:\/\/unitedspaces.noordev.se\/wp-content\/uploads\/2023\/09\/3-1-2.jpg\" class=\"object-fit-none object-position-center\"\/><\/picture>\n<\/div>\n\n\n\n<div class=\"wp-block-noor-blocks-column col nb-column  col-12 col-md-6 col-lg-4 offset-lg-1\">\n<h2 class=\"wp-block-noor-blocks-heading nb-heading nb-heading-h2 mb-8 mb-md-8 mb-lg-12\">&#8220;We\u2019re in this together&#8221;<\/h2>\n\n\n\n<p class=\"wp-block-noor-blocks-paragraph nb-paragraph m-0 pb-48 kicker text-dark-grey\">Johanna Fre \/ Marketing and event coordinator<\/p>\n\n\n\n<p class=\"wp-block-noor-blocks-paragraph nb-paragraph m-0\">\u201dAt United Spaces, we support each other. Whenever there\u2019s an issue, our collaborative approach comes into play. This sense of togetherness is a hallmark of United Spaces, no matter which location you visit.<br><br>I\u2019ve been part of this community for two years, and I must say, I love it. I have colleagues all over Sweden and even the other members feel like colleagues. There\u2019s a welcoming and warm culture that makes it easy to thrive.\u201d<\/p>\n<\/div>\n<\/div>\n<\/div>\n<\/section>\n\n\n\n<div class=\"wp-block-noor-blocks-group nb-group nb-group-div  pt-64 pt-lg-128 zoom-effect\">\n<picture class=\"wp-block-noor-blocks-image nb-image us-city-banner-image\"><img decoding=\"async\" src=\"https:\/\/unitedspaces.noordev.se\/wp-content\/uploads\/2023\/10\/omoss_wide2.jpg\" class=\"object-fit-cover object-position-top\"\/><\/picture>\n<\/div>\n\n\n\n<section class=\"wp-block-noor-blocks-section nb-section  py-96 py-lg-192\">\n<div class=\"wp-block-noor-blocks-container nb-container container-fluid\">\n<div class=\"wp-block-noor-blocks-row nb-row row\">\n<div class=\"wp-block-noor-blocks-column col nb-column col-12 col-md-10 col-lg-4 offset-md-1 offset-lg-1\">\n<h2 class=\"wp-block-noor-blocks-heading nb-heading nb-heading-h2 m-0 pb-64 pb-lg-0 content-animation\">What we believe in<\/h2>\n<\/div>\n\n\n\n<div class=\"wp-block-noor-blocks-column col nb-column col-12 col-md-10 col-lg-4 offset-md-1 offset-lg-1\">\n<h5 class=\"wp-block-noor-blocks-heading nb-heading nb-heading-h5  pb-16\">We grow together<\/h5>\n\n\n\n<p class=\"wp-block-noor-blocks-paragraph nb-paragraph mb-lg-0\">Meetings are what it\u2019s all about. That\u2019s where insights and ideas are born, businesses form and partnerships bloom. We\u2019ve always been more than just a workplace \u2013 we\u2019re a vibrant meeting ground. Our mission? To make connections and open doors. That way, everyone grows.<\/p>\n\n\n\n<h5 class=\"wp-block-noor-blocks-heading nb-heading nb-heading-h5  pt-32 pb-16\">One size fits no one<\/h5>\n\n\n\n<p class=\"wp-block-noor-blocks-paragraph nb-paragraph mb-lg-0\">We understand that every individual is unique, and the same goes for our companies. That\u2019s why we customize our office solutions and services for each business. We genuinely enjoy learning more about who you are and what could make your workdays a bit more enjoyable. Finding the perfect solution tailored just for you is our favorite game!<\/p>\n\n\n\n<h5 class=\"wp-block-noor-blocks-heading nb-heading nb-heading-h5  pt-32 pb-16\">We embrace progress<\/h5>\n\n\n\n<p class=\"wp-block-noor-blocks-paragraph nb-paragraph mb-lg-0\">We\u2019re always exploring ideas and new ways to improve ourselves. Because what doesn\u2019t evolve will eventually dissolve. It might sound like a clich\u00e9, but it\u2019s absolutely true. We\u2019re a curious bunch who\u2019s always eager for more. Because the best solution might be just around the corner\u2026<\/p>\n<\/div>\n<\/div>\n<\/div>\n<\/section>\n\n\n\n<section class=\"wp-block-noor-blocks-section nb-section bg-light-red  py-160 pt-md-192 pb-md-160 py-lg-192\">\n<div class=\"wp-block-noor-blocks-container nb-container container-fluid\">\n<div class=\"wp-block-noor-blocks-row nb-row row\">\n<div class=\"wp-block-noor-blocks-column col nb-column col-lg-8 offset-lg-2\">\n<div class=\"wp-block-noor-blocks-group nb-group nb-group-div d-flex flex-column align-items-center justify-content-center\">\n<h2 class=\"wp-block-noor-blocks-heading nb-heading nb-heading-h2 mb-48  text-center text-text-red content-animation\">\u201dWe genuinely want to understand what you and your company require and connect you with other members who align with those needs. Simply, helping you grow. According to our members, we excel in providing top-notch service \u2013 and that fills me with immense pride.\u201d<\/h2>\n\n\n\n<p class=\"wp-block-noor-blocks-paragraph nb-paragraph m-0  text-text-red text-center kicker\">emelie mannheimer \/ CEO \/ United Spaces<\/p>\n<\/div>\n<\/div>\n<\/div>\n<\/div>\n<\/section>\n\n\n\n<section class=\"wp-block-noor-blocks-section nb-section\">\n<div class=\"wp-block-noor-blocks-container nb-container container-fluid\">\n<div class=\"wp-block-noor-blocks-row nb-row row\">\n<div class=\"wp-block-noor-blocks-column col nb-column col-12 col-lg-6 ps-0 pe-lg-12 pe-0\">\n<picture class=\"wp-block-noor-blocks-image nb-image om-oss-image\" style=\"height:100%\"><img decoding=\"async\" src=\"https:\/\/unitedspaces.noordev.se\/wp-content\/uploads\/2023\/10\/workwithus-1.jpg\" class=\"object-fit-cover object-position-top\"\/><\/picture>\n<\/div>\n\n\n\n<div class=\"wp-block-noor-blocks-column col nb-column col-12 col-lg-4\">\n<div class=\"wp-block-noor-blocks-group nb-group nb-group-div d-flex flex-column align-items-start justify-content-between  py-32 py-lg-48 h-100\">\n<h2 class=\"wp-block-noor-blocks-heading nb-heading nb-heading-h2 mb-96 mb-md-64 mb-lg-0  content-animation\">Come work with us<\/h2>\n\n\n\n<div class=\"wp-block-noor-blocks-group nb-group nb-group-div d-flex flex-column align-items-start justify-content-start\">\n<p class=\"wp-block-noor-blocks-paragraph nb-paragraph mb-32 mb-md-24 mb-lg-32\">We\u2019re always looking for people who can help make United Spaces become better, easier, more effective, or simply: more fun. Could that be you? Visit our career page and explore the possibilities.<\/p>\n\n\n\n<a href=\"https:\/\/jobb.unitedspaces.com\/\" target=\"_self\" rel=\"noopener\" class=\"wp-block-noor-blocks-button nb-btn nb-btn-primary bg-red column-gap-0 px-24 py-8 text-off-black bg-hover-red text-hover-off-black bg-active-red text-active-off-black has-hover-overlay-color has-hover-overlay-opacity\" style=\"--hover-overlay-color:white;--hover-overlay-opacity:15%;border-radius:32px\"><span class=\"nb-button-overlay\"><\/span><span class=\"nb-btn-text\">Career page<\/span><\/a>\n<\/div>\n<\/div>\n<\/div>\n<\/div>\n<\/div>\n<\/section>\n","protected":false},"excerpt":{"rendered":"","protected":false},"author":1,"featured_media":0,"parent":0,"menu_order":0,"comment_status":"closed","ping_status":"closed","template":"","meta":{"inline_featured_image":false,"footnotes":""},"class_list":["post-8314","page","type-page","status-publish","hentry"],"yoast_head":"<!-- This site is optimized with the Yoast SEO plugin v27.1.1 - https:\/\/yoast.com\/product\/yoast-seo-wordpress\/ -->\n<title>About us | United Spaces<\/title>\n<meta name=\"robots\" content=\"noindex, follow, max-snippet:-1, max-image-preview:large, max-video-preview:-1\" \/>\n<meta property=\"og:locale\" content=\"en_US\" \/>\n<meta property=\"og:type\" content=\"article\" \/>\n<meta property=\"og:title\" content=\"About us | United Spaces\" \/>\n<meta property=\"og:url\" content=\"https:\/\/unitedspaces.noordev.se\/om-oss\" \/>\n<meta property=\"og:site_name\" content=\"United Spaces\" \/>\n<meta property=\"article:modified_time\" content=\"2023-11-23T09:11:55+00:00\" \/>\n<meta property=\"og:image\" content=\"https:\/\/unitedspaces.noordev.se\/wp-content\/uploads\/2023\/10\/omoss_wide.jpg\" \/>\n<meta name=\"twitter:card\" content=\"summary_large_image\" \/>\n<meta name=\"twitter:label1\" content=\"Est. reading time\" \/>\n\t<meta name=\"twitter:data1\" content=\"5 minutes\" \/>\n<script type=\"application\/ld+json\" class=\"yoast-schema-graph\">{\"@context\":\"https:\/\/schema.org\",\"@graph\":[{\"@type\":\"WebPage\",\"@id\":\"https:\/\/unitedspaces.noordev.se\/om-oss\",\"url\":\"https:\/\/unitedspaces.noordev.se\/om-oss\",\"name\":\"About us | United Spaces\",\"isPartOf\":{\"@id\":\"https:\/\/unitedspaces.noordev.se\/#website\"},\"primaryImageOfPage\":{\"@id\":\"https:\/\/unitedspaces.noordev.se\/om-oss#primaryimage\"},\"image\":{\"@id\":\"https:\/\/unitedspaces.noordev.se\/om-oss#primaryimage\"},\"thumbnailUrl\":\"https:\/\/unitedspaces.noordev.se\/wp-content\/uploads\/2023\/10\/omoss_wide.jpg\",\"datePublished\":\"2023-09-15T14:56:13+00:00\",\"dateModified\":\"2023-11-23T09:11:55+00:00\",\"breadcrumb\":{\"@id\":\"https:\/\/unitedspaces.noordev.se\/om-oss#breadcrumb\"},\"inLanguage\":\"en-US\",\"potentialAction\":[{\"@type\":\"ReadAction\",\"target\":[\"https:\/\/unitedspaces.noordev.se\/om-oss\"]}]},{\"@type\":\"ImageObject\",\"inLanguage\":\"en-US\",\"@id\":\"https:\/\/unitedspaces.noordev.se\/om-oss#primaryimage\",\"url\":\"https:\/\/unitedspaces.noordev.se\/wp-content\/uploads\/2023\/10\/omoss_wide.jpg\",\"contentUrl\":\"https:\/\/unitedspaces.noordev.se\/wp-content\/uploads\/2023\/10\/omoss_wide.jpg\"},{\"@type\":\"BreadcrumbList\",\"@id\":\"https:\/\/unitedspaces.noordev.se\/om-oss#breadcrumb\",\"itemListElement\":[{\"@type\":\"ListItem\",\"position\":1,\"name\":\"Home\",\"item\":\"https:\/\/unitedspaces.noordev.se\/en\"},{\"@type\":\"ListItem\",\"position\":2,\"name\":\"About us\"}]},{\"@type\":\"WebSite\",\"@id\":\"https:\/\/unitedspaces.noordev.se\/#website\",\"url\":\"https:\/\/unitedspaces.noordev.se\/\",\"name\":\"United Spaces\",\"description\":\"\",\"publisher\":{\"@id\":\"https:\/\/unitedspaces.noordev.se\/#organization\"},\"potentialAction\":[{\"@type\":\"SearchAction\",\"target\":{\"@type\":\"EntryPoint\",\"urlTemplate\":\"https:\/\/unitedspaces.noordev.se\/?s={search_term_string}\"},\"query-input\":{\"@type\":\"PropertyValueSpecification\",\"valueRequired\":true,\"valueName\":\"search_term_string\"}}],\"inLanguage\":\"en-US\"},{\"@type\":\"Organization\",\"@id\":\"https:\/\/unitedspaces.noordev.se\/#organization\",\"name\":\"United Spaces\",\"url\":\"https:\/\/unitedspaces.noordev.se\/\",\"logo\":{\"@type\":\"ImageObject\",\"inLanguage\":\"en-US\",\"@id\":\"https:\/\/unitedspaces.noordev.se\/#\/schema\/logo\/image\/\",\"url\":\"https:\/\/unitedspaces.noordev.se\/wp-content\/uploads\/2023\/09\/logo.svg\",\"contentUrl\":\"https:\/\/unitedspaces.noordev.se\/wp-content\/uploads\/2023\/09\/logo.svg\",\"width\":100,\"height\":38,\"caption\":\"United Spaces\"},\"image\":{\"@id\":\"https:\/\/unitedspaces.noordev.se\/#\/schema\/logo\/image\/\"}}]}<\/script>\n<!-- \/ Yoast SEO plugin. -->","yoast_head_json":{"title":"About us | United Spaces","robots":{"index":"noindex","follow":"follow","max-snippet":"max-snippet:-1","max-image-preview":"max-image-preview:large","max-video-preview":"max-video-preview:-1"},"og_locale":"en_US","og_type":"article","og_title":"About us | United Spaces","og_url":"https:\/\/unitedspaces.noordev.se\/om-oss","og_site_name":"United Spaces","article_modified_time":"2023-11-23T09:11:55+00:00","og_image":[{"url":"https:\/\/unitedspaces.noordev.se\/wp-content\/uploads\/2023\/10\/omoss_wide.jpg","type":"","width":"","height":""}],"twitter_card":"summary_large_image","twitter_misc":{"Est. reading time":"5 minutes"},"schema":{"@context":"https:\/\/schema.org","@graph":[{"@type":"WebPage","@id":"https:\/\/unitedspaces.noordev.se\/om-oss","url":"https:\/\/unitedspaces.noordev.se\/om-oss","name":"About us | United Spaces","isPartOf":{"@id":"https:\/\/unitedspaces.noordev.se\/#website"},"primaryImageOfPage":{"@id":"https:\/\/unitedspaces.noordev.se\/om-oss#primaryimage"},"image":{"@id":"https:\/\/unitedspaces.noordev.se\/om-oss#primaryimage"},"thumbnailUrl":"https:\/\/unitedspaces.noordev.se\/wp-content\/uploads\/2023\/10\/omoss_wide.jpg","datePublished":"2023-09-15T14:56:13+00:00","dateModified":"2023-11-23T09:11:55+00:00","breadcrumb":{"@id":"https:\/\/unitedspaces.noordev.se\/om-oss#breadcrumb"},"inLanguage":"en-US","potentialAction":[{"@type":"ReadAction","target":["https:\/\/unitedspaces.noordev.se\/om-oss"]}]},{"@type":"ImageObject","inLanguage":"en-US","@id":"https:\/\/unitedspaces.noordev.se\/om-oss#primaryimage","url":"https:\/\/unitedspaces.noordev.se\/wp-content\/uploads\/2023\/10\/omoss_wide.jpg","contentUrl":"https:\/\/unitedspaces.noordev.se\/wp-content\/uploads\/2023\/10\/omoss_wide.jpg"},{"@type":"BreadcrumbList","@id":"https:\/\/unitedspaces.noordev.se\/om-oss#breadcrumb","itemListElement":[{"@type":"ListItem","position":1,"name":"Home","item":"https:\/\/unitedspaces.noordev.se\/en"},{"@type":"ListItem","position":2,"name":"About us"}]},{"@type":"WebSite","@id":"https:\/\/unitedspaces.noordev.se\/#website","url":"https:\/\/unitedspaces.noordev.se\/","name":"United Spaces","description":"","publisher":{"@id":"https:\/\/unitedspaces.noordev.se\/#organization"},"potentialAction":[{"@type":"SearchAction","target":{"@type":"EntryPoint","urlTemplate":"https:\/\/unitedspaces.noordev.se\/?s={search_term_string}"},"query-input":{"@type":"PropertyValueSpecification","valueRequired":true,"valueName":"search_term_string"}}],"inLanguage":"en-US"},{"@type":"Organization","@id":"https:\/\/unitedspaces.noordev.se\/#organization","name":"United Spaces","url":"https:\/\/unitedspaces.noordev.se\/","logo":{"@type":"ImageObject","inLanguage":"en-US","@id":"https:\/\/unitedspaces.noordev.se\/#\/schema\/logo\/image\/","url":"https:\/\/unitedspaces.noordev.se\/wp-content\/uploads\/2023\/09\/logo.svg","contentUrl":"https:\/\/unitedspaces.noordev.se\/wp-content\/uploads\/2023\/09\/logo.svg","width":100,"height":38,"caption":"United Spaces"},"image":{"@id":"https:\/\/unitedspaces.noordev.se\/#\/schema\/logo\/image\/"}}]}},"_links":{"self":[{"href":"https:\/\/unitedspaces.noordev.se\/en\/wp-json\/wp\/v2\/pages\/8314","targetHints":{"allow":["GET"]}}],"collection":[{"href":"https:\/\/unitedspaces.noordev.se\/en\/wp-json\/wp\/v2\/pages"}],"about":[{"href":"https:\/\/unitedspaces.noordev.se\/en\/wp-json\/wp\/v2\/types\/page"}],"author":[{"embeddable":true,"href":"https:\/\/unitedspaces.noordev.se\/en\/wp-json\/wp\/v2\/users\/1"}],"replies":[{"embeddable":true,"href":"https:\/\/unitedspaces.noordev.se\/en\/wp-json\/wp\/v2\/comments?post=8314"}],"version-history":[{"count":1,"href":"https:\/\/unitedspaces.noordev.se\/en\/wp-json\/wp\/v2\/pages\/8314\/revisions"}],"predecessor-version":[{"id":8316,"href":"https:\/\/unitedspaces.noordev.se\/en\/wp-json\/wp\/v2\/pages\/8314\/revisions\/8316"}],"wp:attachment":[{"href":"https:\/\/unitedspaces.noordev.se\/en\/wp-json\/wp\/v2\/media?parent=8314"}],"curies":[{"name":"wp","href":"https:\/\/api.w.org\/{rel}","templated":true}]}}