{"id":2598,"date":"2023-10-04T09:15:31","date_gmt":"2023-10-04T09:15:31","guid":{"rendered":"https:\/\/unitedspaces.noordev.se\/?page_id=2598"},"modified":"2024-04-29T09:00:09","modified_gmt":"2024-04-29T09:00:09","slug":"fakturering","status":"publish","type":"page","link":"https:\/\/unitedspaces.noordev.se\/sv\/fakturering","title":{"rendered":"Fakturering"},"content":{"rendered":"\n<section class=\"wp-block-noor-blocks-section nb-section bg-light-red  pt-144 pb-96 pt-md-176 pt-lg-256 pb-lg-144\">\n<div class=\"wp-block-noor-blocks-container nb-container container-fluid\">\n<div class=\"wp-block-noor-blocks-row nb-row row\">\n<div class=\"wp-block-noor-blocks-column col nb-column col-12 col-lg-6\">\n<h1 class=\"wp-block-noor-blocks-heading nb-heading nb-heading-h1 mb-32 mb-lg-0  content-animation\">Fakturering<\/h1>\n<\/div>\n\n\n\n<div class=\"wp-block-noor-blocks-column col nb-column col-12 col-lg-4\">\n<p class=\"wp-block-noor-blocks-paragraph nb-paragraph\">Har du gjort ett jobb \u00e5t oss p\u00e5 United Spaces? Underbart. D\u00e5 ska du f\u00f6rst\u00e5s skicka en faktura. H\u00e4r hittar du alla v\u00e5ra faktureringsuppgifter. Och du, gl\u00f6m inte att betalningsvillkor ska vara 30 dagar.\u00a0<\/p>\n\n\n\n<p class=\"wp-block-noor-blocks-paragraph nb-paragraph\">Fr\u00e5gor? Maila g\u00e4rna g\u00e4nget p\u00e5 ekonomi s\u00e5 reder vi ut alla fr\u00e5getecken.<\/p>\n\n\n\n<a class=\"wp-block-noor-blocks-link nb-link\" href=\"mailto:ekonomi@unitedspaces.se\">\n<p class=\"wp-block-noor-blocks-paragraph nb-paragraph m-0  text-off-black kicker\">Ekonomi@unitedspaces.se<\/p>\n<\/a>\n<\/div>\n<\/div>\n<\/div>\n<\/section>\n\n\n\n<section class=\"wp-block-noor-blocks-section nb-section mt-48 mb-64\">\n<div class=\"wp-block-noor-blocks-container nb-container container-fluid\">\n<div class=\"wp-block-noor-blocks-group nb-group nb-group-div\">\n<h3 class=\"wp-block-noor-blocks-heading nb-heading nb-heading-h3 m-0 pb-16 pb-lg-24\">United Spaces Network Offices AB<\/h3>\n\n\n\n<div class=\"wp-block-noor-blocks-column col nb-column col-12 col-md-4 col-lg-2\">\n<h4 class=\"wp-block-noor-blocks-heading nb-heading nb-heading-h4 m-0 pb-16 pb-md-0 pb-lg-0\"><br>Box 190<br>101 23 Stockholm<\/h4>\n\n\n\n<h2 class=\"wp-block-noor-blocks-heading nb-heading nb-heading-h2\"><\/h2>\n\n\n\n<h2 class=\"wp-block-noor-blocks-heading nb-heading nb-heading-h2\"><\/h2>\n\n\n\n<h2 class=\"wp-block-noor-blocks-heading nb-heading nb-heading-h2\"><\/h2>\n<\/div>\n\n\n\n<div class=\"wp-block-noor-blocks-column col nb-column col-12 col-md-12 col-lg-3 offset-lg-1\"><\/div>\n\n\n\n<p><\/p>\n\n\n\n<p><strong>Org.Nr<\/strong>. 556668-1069<\/p>\n\n\n\n<p><\/p>\n\n\n\n<p class=\"wp-block-noor-blocks-paragraph nb-paragraph\"><strong>M\u00e4rkning:<\/strong> M\u00e4rk fakturan med f\u00f6ljande projektnummer (nedan) och eventuell kontaktperson\/best\u00e4llare.<\/p>\n\n\n\n<p class=\"wp-block-noor-blocks-paragraph nb-paragraph\">Maila din faktura till <a href=\"mailto:inbox.lev.338120@arkivplats.se\">inbox.lev.338120@arkivplats.se<\/a><\/p>\n\n\n\n<p class=\"wp-block-noor-blocks-paragraph nb-paragraph\"><strong>Projektnummer:<\/strong><\/p>\n\n\n\n<p class=\"wp-block-noor-blocks-paragraph nb-paragraph\">101 Waterfront<\/p>\n\n\n\n<p class=\"wp-block-noor-blocks-paragraph nb-paragraph\">102 G\u00f6tgatsbacken<\/p>\n\n\n\n<p class=\"wp-block-noor-blocks-paragraph nb-paragraph\">103 Solna strand<\/p>\n\n\n\n<p class=\"wp-block-noor-blocks-paragraph nb-paragraph\">104 Torsgatan<\/p>\n\n\n\n<p class=\"wp-block-noor-blocks-paragraph nb-paragraph\">105 Uppsala<\/p>\n\n\n\n<p class=\"wp-block-noor-blocks-paragraph nb-paragraph\">201 Malm\u00f6<\/p>\n\n\n\n<p class=\"wp-block-noor-blocks-paragraph nb-paragraph\">202 Helsingborg<\/p>\n\n\n\n<p class=\"wp-block-noor-blocks-paragraph nb-paragraph\">203 J\u00f6nk\u00f6ping<\/p>\n\n\n\n<p class=\"wp-block-noor-blocks-paragraph nb-paragraph\">204 Lindholmen<\/p>\n\n\n\n<p class=\"wp-block-noor-blocks-paragraph nb-paragraph\">205 \u00d6stra Hamngatan<\/p>\n\n\n\n<p class=\"wp-block-noor-blocks-paragraph nb-paragraph\">900 USNO (United Spaces Network Offices)<\/p>\n\n\n\n<div class=\"wp-block-noor-blocks-group nb-group nb-group-div\"><\/div>\n<\/div>\n<\/div>\n<\/section>\n","protected":false},"excerpt":{"rendered":"","protected":false},"author":1,"featured_media":0,"parent":0,"menu_order":0,"comment_status":"closed","ping_status":"closed","template":"","meta":{"inline_featured_image":false,"footnotes":""},"class_list":["post-2598","page","type-page","status-publish","hentry"],"yoast_head":"<!-- This site is optimized with the Yoast SEO plugin v27.1.1 - https:\/\/yoast.com\/product\/yoast-seo-wordpress\/ -->\n<title>Fakturering - United Spaces<\/title>\n<meta name=\"robots\" content=\"noindex, follow\" \/>\n<meta property=\"og:locale\" content=\"sv_SE\" \/>\n<meta property=\"og:type\" content=\"article\" \/>\n<meta property=\"og:title\" content=\"Fakturering - United Spaces\" \/>\n<meta property=\"og:url\" content=\"https:\/\/unitedspaces.noordev.se\/fakturering\" \/>\n<meta property=\"og:site_name\" content=\"United Spaces\" \/>\n<meta property=\"article:modified_time\" content=\"2024-04-29T09:00:09+00:00\" \/>\n<meta name=\"twitter:card\" content=\"summary_large_image\" \/>\n<meta name=\"twitter:label1\" content=\"Ber\u00e4knad l\u00e4stid\" \/>\n\t<meta name=\"twitter:data1\" content=\"1 minut\" \/>\n<script type=\"application\/ld+json\" class=\"yoast-schema-graph\">{\"@context\":\"https:\/\/schema.org\",\"@graph\":[{\"@type\":\"WebPage\",\"@id\":\"https:\/\/unitedspaces.noordev.se\/fakturering\",\"url\":\"https:\/\/unitedspaces.noordev.se\/fakturering\",\"name\":\"Fakturering - United Spaces\",\"isPartOf\":{\"@id\":\"https:\/\/unitedspaces.noordev.se\/#website\"},\"datePublished\":\"2023-10-04T09:15:31+00:00\",\"dateModified\":\"2024-04-29T09:00:09+00:00\",\"breadcrumb\":{\"@id\":\"https:\/\/unitedspaces.noordev.se\/fakturering#breadcrumb\"},\"inLanguage\":\"sv-SE\",\"potentialAction\":[{\"@type\":\"ReadAction\",\"target\":[\"https:\/\/unitedspaces.noordev.se\/fakturering\"]}]},{\"@type\":\"BreadcrumbList\",\"@id\":\"https:\/\/unitedspaces.noordev.se\/fakturering#breadcrumb\",\"itemListElement\":[{\"@type\":\"ListItem\",\"position\":1,\"name\":\"Home\",\"item\":\"https:\/\/unitedspaces.noordev.se\"},{\"@type\":\"ListItem\",\"position\":2,\"name\":\"Fakturering\"}]},{\"@type\":\"WebSite\",\"@id\":\"https:\/\/unitedspaces.noordev.se\/#website\",\"url\":\"https:\/\/unitedspaces.noordev.se\/\",\"name\":\"United Spaces\",\"description\":\"\",\"publisher\":{\"@id\":\"https:\/\/unitedspaces.noordev.se\/#organization\"},\"potentialAction\":[{\"@type\":\"SearchAction\",\"target\":{\"@type\":\"EntryPoint\",\"urlTemplate\":\"https:\/\/unitedspaces.noordev.se\/?s={search_term_string}\"},\"query-input\":{\"@type\":\"PropertyValueSpecification\",\"valueRequired\":true,\"valueName\":\"search_term_string\"}}],\"inLanguage\":\"sv-SE\"},{\"@type\":\"Organization\",\"@id\":\"https:\/\/unitedspaces.noordev.se\/#organization\",\"name\":\"United Spaces\",\"url\":\"https:\/\/unitedspaces.noordev.se\/\",\"logo\":{\"@type\":\"ImageObject\",\"inLanguage\":\"sv-SE\",\"@id\":\"https:\/\/unitedspaces.noordev.se\/#\/schema\/logo\/image\/\",\"url\":\"https:\/\/unitedspaces.noordev.se\/wp-content\/uploads\/2023\/09\/logo.svg\",\"contentUrl\":\"https:\/\/unitedspaces.noordev.se\/wp-content\/uploads\/2023\/09\/logo.svg\",\"width\":100,\"height\":38,\"caption\":\"United Spaces\"},\"image\":{\"@id\":\"https:\/\/unitedspaces.noordev.se\/#\/schema\/logo\/image\/\"}}]}<\/script>\n<!-- \/ Yoast SEO plugin. -->","yoast_head_json":{"title":"Fakturering - United Spaces","robots":{"index":"noindex","follow":"follow"},"og_locale":"sv_SE","og_type":"article","og_title":"Fakturering - United Spaces","og_url":"https:\/\/unitedspaces.noordev.se\/fakturering","og_site_name":"United Spaces","article_modified_time":"2024-04-29T09:00:09+00:00","twitter_card":"summary_large_image","twitter_misc":{"Ber\u00e4knad l\u00e4stid":"1 minut"},"schema":{"@context":"https:\/\/schema.org","@graph":[{"@type":"WebPage","@id":"https:\/\/unitedspaces.noordev.se\/fakturering","url":"https:\/\/unitedspaces.noordev.se\/fakturering","name":"Fakturering - United Spaces","isPartOf":{"@id":"https:\/\/unitedspaces.noordev.se\/#website"},"datePublished":"2023-10-04T09:15:31+00:00","dateModified":"2024-04-29T09:00:09+00:00","breadcrumb":{"@id":"https:\/\/unitedspaces.noordev.se\/fakturering#breadcrumb"},"inLanguage":"sv-SE","potentialAction":[{"@type":"ReadAction","target":["https:\/\/unitedspaces.noordev.se\/fakturering"]}]},{"@type":"BreadcrumbList","@id":"https:\/\/unitedspaces.noordev.se\/fakturering#breadcrumb","itemListElement":[{"@type":"ListItem","position":1,"name":"Home","item":"https:\/\/unitedspaces.noordev.se"},{"@type":"ListItem","position":2,"name":"Fakturering"}]},{"@type":"WebSite","@id":"https:\/\/unitedspaces.noordev.se\/#website","url":"https:\/\/unitedspaces.noordev.se\/","name":"United Spaces","description":"","publisher":{"@id":"https:\/\/unitedspaces.noordev.se\/#organization"},"potentialAction":[{"@type":"SearchAction","target":{"@type":"EntryPoint","urlTemplate":"https:\/\/unitedspaces.noordev.se\/?s={search_term_string}"},"query-input":{"@type":"PropertyValueSpecification","valueRequired":true,"valueName":"search_term_string"}}],"inLanguage":"sv-SE"},{"@type":"Organization","@id":"https:\/\/unitedspaces.noordev.se\/#organization","name":"United Spaces","url":"https:\/\/unitedspaces.noordev.se\/","logo":{"@type":"ImageObject","inLanguage":"sv-SE","@id":"https:\/\/unitedspaces.noordev.se\/#\/schema\/logo\/image\/","url":"https:\/\/unitedspaces.noordev.se\/wp-content\/uploads\/2023\/09\/logo.svg","contentUrl":"https:\/\/unitedspaces.noordev.se\/wp-content\/uploads\/2023\/09\/logo.svg","width":100,"height":38,"caption":"United Spaces"},"image":{"@id":"https:\/\/unitedspaces.noordev.se\/#\/schema\/logo\/image\/"}}]}},"_links":{"self":[{"href":"https:\/\/unitedspaces.noordev.se\/sv\/wp-json\/wp\/v2\/pages\/2598","targetHints":{"allow":["GET"]}}],"collection":[{"href":"https:\/\/unitedspaces.noordev.se\/sv\/wp-json\/wp\/v2\/pages"}],"about":[{"href":"https:\/\/unitedspaces.noordev.se\/sv\/wp-json\/wp\/v2\/types\/page"}],"author":[{"embeddable":true,"href":"https:\/\/unitedspaces.noordev.se\/sv\/wp-json\/wp\/v2\/users\/1"}],"replies":[{"embeddable":true,"href":"https:\/\/unitedspaces.noordev.se\/sv\/wp-json\/wp\/v2\/comments?post=2598"}],"version-history":[{"count":44,"href":"https:\/\/unitedspaces.noordev.se\/sv\/wp-json\/wp\/v2\/pages\/2598\/revisions"}],"predecessor-version":[{"id":12104,"href":"https:\/\/unitedspaces.noordev.se\/sv\/wp-json\/wp\/v2\/pages\/2598\/revisions\/12104"}],"wp:attachment":[{"href":"https:\/\/unitedspaces.noordev.se\/sv\/wp-json\/wp\/v2\/media?parent=2598"}],"curies":[{"name":"wp","href":"https:\/\/api.w.org\/{rel}","templated":true}]}}